{"id":2,"date":"2025-09-02T18:24:26","date_gmt":"2025-09-02T21:24:26","guid":{"rendered":"http:\/\/o2gengenharia.com.br\/?page_id=2"},"modified":"2025-09-19T15:57:08","modified_gmt":"2025-09-19T18:57:08","slug":"pagina-exemplo","status":"publish","type":"page","link":"https:\/\/o2gengenharia.com.br\/?page_id=2","title":{"rendered":"Servicos"},"content":{"rendered":"\n<div class=\"wp-block-columns is-layout-flex wp-container-core-columns-is-layout-28f84493 wp-block-columns-is-layout-flex\">\n<div class=\"wp-block-column is-layout-flow wp-block-column-is-layout-flow\">\n<div class=\"wp-block-cover is-light\" style=\"min-height:196px;aspect-ratio:unset;\"><img loading=\"lazy\" decoding=\"async\" width=\"1024\" height=\"842\" class=\"wp-block-cover__image-background wp-image-50 size-large\" alt=\"\" src=\"https:\/\/o2gengenharia.com.br\/wp-content\/uploads\/2025\/09\/PMOC02-1-1024x842.jpg\" data-object-fit=\"cover\" srcset=\"https:\/\/o2gengenharia.com.br\/wp-content\/uploads\/2025\/09\/PMOC02-1-1024x842.jpg 1024w, https:\/\/o2gengenharia.com.br\/wp-content\/uploads\/2025\/09\/PMOC02-1-300x247.jpg 300w, https:\/\/o2gengenharia.com.br\/wp-content\/uploads\/2025\/09\/PMOC02-1-768x632.jpg 768w, https:\/\/o2gengenharia.com.br\/wp-content\/uploads\/2025\/09\/PMOC02-1-1536x1264.jpg 1536w, https:\/\/o2gengenharia.com.br\/wp-content\/uploads\/2025\/09\/PMOC02-1-2048x1685.jpg 2048w\" sizes=\"auto, (max-width: 1024px) 100vw, 1024px\" \/><span aria-hidden=\"true\" class=\"wp-block-cover__background has-background-dim\" style=\"background-color:#969699\"><\/span><div class=\"wp-block-cover__inner-container has-global-padding is-layout-constrained wp-block-cover-is-layout-constrained\">\n<p class=\"has-text-align-center has-large-font-size\">PMOC.<\/p>\n\n\n\n<p>Plano de Manuten\u00e7\u00e3o, Opera\u00e7\u00e3o e Controle de sistemas de climatiza\u00e7\u00e3o artificial, obrigat\u00f3rio para edif\u00edcios p\u00fablicos e coletivos com ambientes climatizados.\u00a0<\/p>\n\n\n\n<p>Clique no link abaixo para acessar o checklist para or\u00e7amento.<\/p>\n\n\n\n<div class=\"wp-block-buttons is-layout-flex wp-block-buttons-is-layout-flex\">\n<div class=\"wp-block-button is-style-carbon-construction-flat-button\"><a class=\"wp-block-button__link wp-element-button\" href=\"https:\/\/o2gengenharia.com.br\/?page_id=69\"><mark style=\"background-color:rgba(0, 0, 0, 0)\" class=\"has-inline-color has-heading-color\">Chek-list<\/mark><\/a><\/div>\n<\/div>\n<\/div><\/div>\n<\/div>\n\n\n\n<div class=\"wp-block-column is-layout-flow wp-block-column-is-layout-flow\"><\/div>\n<\/div>\n","protected":false},"excerpt":{"rendered":"","protected":false},"author":1,"featured_media":0,"parent":0,"menu_order":0,"comment_status":"closed","ping_status":"open","template":"","meta":{"footnotes":""},"class_list":["post-2","page","type-page","status-publish","hentry"],"_links":{"self":[{"href":"https:\/\/o2gengenharia.com.br\/index.php?rest_route=\/wp\/v2\/pages\/2","targetHints":{"allow":["GET"]}}],"collection":[{"href":"https:\/\/o2gengenharia.com.br\/index.php?rest_route=\/wp\/v2\/pages"}],"about":[{"href":"https:\/\/o2gengenharia.com.br\/index.php?rest_route=\/wp\/v2\/types\/page"}],"author":[{"embeddable":true,"href":"https:\/\/o2gengenharia.com.br\/index.php?rest_route=\/wp\/v2\/users\/1"}],"replies":[{"embeddable":true,"href":"https:\/\/o2gengenharia.com.br\/index.php?rest_route=%2Fwp%2Fv2%2Fcomments&post=2"}],"version-history":[{"count":9,"href":"https:\/\/o2gengenharia.com.br\/index.php?rest_route=\/wp\/v2\/pages\/2\/revisions"}],"predecessor-version":[{"id":174,"href":"https:\/\/o2gengenharia.com.br\/index.php?rest_route=\/wp\/v2\/pages\/2\/revisions\/174"}],"wp:attachment":[{"href":"https:\/\/o2gengenharia.com.br\/index.php?rest_route=%2Fwp%2Fv2%2Fmedia&parent=2"}],"curies":[{"name":"wp","href":"https:\/\/api.w.org\/{rel}","templated":true}]}}